{"id":268,"date":"2020-07-07T14:46:54","date_gmt":"2020-07-07T12:46:54","guid":{"rendered":"http:\/\/www.domainedesgeleries.com\/?post_type=product&#038;p=268"},"modified":"2025-07-21T16:08:50","modified_gmt":"2025-07-21T14:08:50","slug":"st-nicolas-de-bourgueil-rouge-2024-cuvee-tradition","status":"publish","type":"product","link":"https:\/\/domainedesgeleries.com\/index.php\/produit\/st-nicolas-de-bourgueil-rouge-2024-cuvee-tradition\/","title":{"rendered":"St Nicolas de Bourgueil rouge 2024 \u00ab\u00a0Cuv\u00e9e Tradition\u00a0\u00bb"},"content":{"rendered":"<blockquote><p>D\u00e9gustation :<\/p>\n<p>En cours de r\u00e9alisation.<\/p>\n<p>Accords mets\/vins : A d\u00e9guster \u00e0 l\u2019ap\u00e9ritif, sur des viandes blanches, de la charcuterie ou sur des mets classiques.<\/p>\n<p>Conseil de garde : 1 \u00e0 3 ans.<\/p><\/blockquote>\n","protected":false},"excerpt":{"rendered":"<p><strong>2024 &#8211; rouge &#8211; 12,5%<\/strong><\/p>\n<p>St Nicolas de Bourgueil &#8211; Tradition<\/p>\n","protected":false},"featured_media":1495,"template":"","meta":{"neve_meta_sidebar":"","neve_meta_container":"","neve_meta_enable_content_width":"off","neve_meta_content_width":70,"neve_meta_title_alignment":"","neve_meta_author_avatar":"","neve_post_elements_order":"","neve_meta_disable_header":"","neve_meta_disable_footer":"","neve_meta_disable_title":""},"product_brand":[],"product_cat":[30],"product_tag":[],"class_list":{"0":"post-268","1":"product","2":"type-product","3":"status-publish","4":"has-post-thumbnail","6":"product_cat-snb","7":"product_shipping_class-bouteille","9":"first","10":"instock","11":"taxable","12":"shipping-taxable","13":"purchasable","14":"product-type-simple"},"yoast_head":"<!-- This site is optimized with the Yoast SEO plugin v27.3 - https:\/\/yoast.com\/product\/yoast-seo-wordpress\/ -->\n<title>St Nicolas de Bourgueil rouge 2024 &quot;Cuv\u00e9e Tradition&quot; - Domaine des G\u00e9l\u00e9ries<\/title>\n<meta name=\"robots\" content=\"index, follow, max-snippet:-1, max-image-preview:large, max-video-preview:-1\" \/>\n<link rel=\"canonical\" href=\"https:\/\/domainedesgeleries.com\/index.php\/produit\/st-nicolas-de-bourgueil-rouge-2024-cuvee-tradition\/\" \/>\n<meta property=\"og:locale\" content=\"fr_FR\" \/>\n<meta property=\"og:type\" content=\"article\" \/>\n<meta property=\"og:title\" content=\"St Nicolas de Bourgueil rouge 2024 &quot;Cuv\u00e9e Tradition&quot; - Domaine des G\u00e9l\u00e9ries\" \/>\n<meta property=\"og:description\" content=\"2024 - rouge - 12,5%  St Nicolas de Bourgueil - Tradition\" \/>\n<meta property=\"og:url\" content=\"https:\/\/domainedesgeleries.com\/index.php\/produit\/st-nicolas-de-bourgueil-rouge-2024-cuvee-tradition\/\" \/>\n<meta property=\"og:site_name\" content=\"Domaine des G\u00e9l\u00e9ries\" \/>\n<meta property=\"article:publisher\" content=\"https:\/\/www.facebook.com\/domainedesgeleries\/\" \/>\n<meta property=\"article:modified_time\" content=\"2025-07-21T14:08:50+00:00\" \/>\n<meta property=\"og:image\" content=\"https:\/\/mlzmfwuqjosb.i.optimole.com\/w:auto\/h:auto\/q:mauto\/f:best\/https:\/\/domainedesgeleries.com\/wp-content\/uploads\/2023\/03\/st-nicolas-de-bourgueil.jpg\" \/>\n\t<meta property=\"og:image:width\" content=\"768\" \/>\n\t<meta property=\"og:image:height\" content=\"1022\" \/>\n\t<meta property=\"og:image:type\" content=\"image\/jpeg\" \/>\n<meta name=\"twitter:card\" content=\"summary_large_image\" \/>\n<meta name=\"twitter:label1\" content=\"Dur\u00e9e de lecture estim\u00e9e\" \/>\n\t<meta name=\"twitter:data1\" content=\"1 minute\" \/>\n<script type=\"application\/ld+json\" class=\"yoast-schema-graph\">{\"@context\":\"https:\\\/\\\/schema.org\",\"@graph\":[{\"@type\":\"WebPage\",\"@id\":\"https:\\\/\\\/domainedesgeleries.com\\\/index.php\\\/produit\\\/st-nicolas-de-bourgueil-rouge-2024-cuvee-tradition\\\/\",\"url\":\"https:\\\/\\\/domainedesgeleries.com\\\/index.php\\\/produit\\\/st-nicolas-de-bourgueil-rouge-2024-cuvee-tradition\\\/\",\"name\":\"St Nicolas de Bourgueil rouge 2024 \\\"Cuv\u00e9e Tradition\\\" - Domaine des G\u00e9l\u00e9ries\",\"isPartOf\":{\"@id\":\"https:\\\/\\\/domainedesgeleries.com\\\/#website\"},\"primaryImageOfPage\":{\"@id\":\"https:\\\/\\\/domainedesgeleries.com\\\/index.php\\\/produit\\\/st-nicolas-de-bourgueil-rouge-2024-cuvee-tradition\\\/#primaryimage\"},\"image\":{\"@id\":\"https:\\\/\\\/domainedesgeleries.com\\\/index.php\\\/produit\\\/st-nicolas-de-bourgueil-rouge-2024-cuvee-tradition\\\/#primaryimage\"},\"thumbnailUrl\":\"https:\\/\\/domainedesgeleries.com\\/wp-content\\/uploads\\/2023\\/03\\/st-nicolas-de-bourgueil.jpg\",\"datePublished\":\"2020-07-07T12:46:54+00:00\",\"dateModified\":\"2025-07-21T14:08:50+00:00\",\"breadcrumb\":{\"@id\":\"https:\\\/\\\/domainedesgeleries.com\\\/index.php\\\/produit\\\/st-nicolas-de-bourgueil-rouge-2024-cuvee-tradition\\\/#breadcrumb\"},\"inLanguage\":\"fr-FR\",\"potentialAction\":[{\"@type\":\"ReadAction\",\"target\":[\"https:\\\/\\\/domainedesgeleries.com\\\/index.php\\\/produit\\\/st-nicolas-de-bourgueil-rouge-2024-cuvee-tradition\\\/\"]}]},{\"@type\":\"ImageObject\",\"inLanguage\":\"fr-FR\",\"@id\":\"https:\\\/\\\/domainedesgeleries.com\\\/index.php\\\/produit\\\/st-nicolas-de-bourgueil-rouge-2024-cuvee-tradition\\\/#primaryimage\",\"url\":\"https:\\/\\/domainedesgeleries.com\\/wp-content\\/uploads\\/2023\\/03\\/st-nicolas-de-bourgueil.jpg\",\"contentUrl\":\"https:\\/\\/domainedesgeleries.com\\/wp-content\\/uploads\\/2023\\/03\\/st-nicolas-de-bourgueil.jpg\",\"width\":768,\"height\":1022},{\"@type\":\"BreadcrumbList\",\"@id\":\"https:\\\/\\\/domainedesgeleries.com\\\/index.php\\\/produit\\\/st-nicolas-de-bourgueil-rouge-2024-cuvee-tradition\\\/#breadcrumb\",\"itemListElement\":[{\"@type\":\"ListItem\",\"position\":1,\"name\":\"Accueil\",\"item\":\"https:\\\/\\\/domainedesgeleries.com\\\/\"},{\"@type\":\"ListItem\",\"position\":2,\"name\":\"Les Cuv\u00e9es\",\"item\":\"https:\\\/\\\/domainedesgeleries.com\\\/index.php\\\/lescuvees\\\/\"},{\"@type\":\"ListItem\",\"position\":3,\"name\":\"St Nicolas de Bourgueil rouge 2024 \u00ab\u00a0Cuv\u00e9e Tradition\u00a0\u00bb\"}]},{\"@type\":\"WebSite\",\"@id\":\"https:\\\/\\\/domainedesgeleries.com\\\/#website\",\"url\":\"https:\\\/\\\/domainedesgeleries.com\\\/\",\"name\":\"Domaine des G\u00e9l\u00e9ries\",\"description\":\"Vignerons depuis 1913\",\"publisher\":{\"@id\":\"https:\\\/\\\/domainedesgeleries.com\\\/#organization\"},\"potentialAction\":[{\"@type\":\"SearchAction\",\"target\":{\"@type\":\"EntryPoint\",\"urlTemplate\":\"https:\\\/\\\/domainedesgeleries.com\\\/?s={search_term_string}\"},\"query-input\":{\"@type\":\"PropertyValueSpecification\",\"valueRequired\":true,\"valueName\":\"search_term_string\"}}],\"inLanguage\":\"fr-FR\"},{\"@type\":\"Organization\",\"@id\":\"https:\\\/\\\/domainedesgeleries.com\\\/#organization\",\"name\":\"Domaine des G\u00e9l\u00e9ries\",\"url\":\"https:\\\/\\\/domainedesgeleries.com\\\/\",\"logo\":{\"@type\":\"ImageObject\",\"inLanguage\":\"fr-FR\",\"@id\":\"https:\\\/\\\/domainedesgeleries.com\\\/#\\\/schema\\\/logo\\\/image\\\/\",\"url\":\"https:\\/\\/domainedesgeleries.com\\/wp-content\\/uploads\\/2020\\/06\\/logo-domaine-des-geleries-1.png\",\"contentUrl\":\"https:\\/\\/domainedesgeleries.com\\/wp-content\\/uploads\\/2020\\/06\\/logo-domaine-des-geleries-1.png\",\"width\":400,\"height\":190,\"caption\":\"Domaine des G\u00e9l\u00e9ries\"},\"image\":{\"@id\":\"https:\\\/\\\/domainedesgeleries.com\\\/#\\\/schema\\\/logo\\\/image\\\/\"},\"sameAs\":[\"https:\\\/\\\/www.facebook.com\\\/domainedesgeleries\\\/\"]}]}<\/script>\n<!-- \/ Yoast SEO plugin. -->","yoast_head_json":{"title":"St Nicolas de Bourgueil rouge 2024 \"Cuv\u00e9e Tradition\" - Domaine des G\u00e9l\u00e9ries","robots":{"index":"index","follow":"follow","max-snippet":"max-snippet:-1","max-image-preview":"max-image-preview:large","max-video-preview":"max-video-preview:-1"},"canonical":"https:\/\/domainedesgeleries.com\/index.php\/produit\/st-nicolas-de-bourgueil-rouge-2024-cuvee-tradition\/","og_locale":"fr_FR","og_type":"article","og_title":"St Nicolas de Bourgueil rouge 2024 \"Cuv\u00e9e Tradition\" - Domaine des G\u00e9l\u00e9ries","og_description":"2024 - rouge - 12,5%  St Nicolas de Bourgueil - Tradition","og_url":"https:\/\/domainedesgeleries.com\/index.php\/produit\/st-nicolas-de-bourgueil-rouge-2024-cuvee-tradition\/","og_site_name":"Domaine des G\u00e9l\u00e9ries","article_publisher":"https:\/\/www.facebook.com\/domainedesgeleries\/","article_modified_time":"2025-07-21T14:08:50+00:00","og_image":[{"width":768,"height":1022,"url":"https:\/\/mlzmfwuqjosb.i.optimole.com\/w:auto\/h:auto\/q:mauto\/f:best\/https:\/\/domainedesgeleries.com\/wp-content\/uploads\/2023\/03\/st-nicolas-de-bourgueil.jpg","type":"image\/jpeg"}],"twitter_card":"summary_large_image","twitter_misc":{"Dur\u00e9e de lecture estim\u00e9e":"1 minute"},"schema":{"@context":"https:\/\/schema.org","@graph":[{"@type":"WebPage","@id":"https:\/\/domainedesgeleries.com\/index.php\/produit\/st-nicolas-de-bourgueil-rouge-2024-cuvee-tradition\/","url":"https:\/\/domainedesgeleries.com\/index.php\/produit\/st-nicolas-de-bourgueil-rouge-2024-cuvee-tradition\/","name":"St Nicolas de Bourgueil rouge 2024 \"Cuv\u00e9e Tradition\" - Domaine des G\u00e9l\u00e9ries","isPartOf":{"@id":"https:\/\/domainedesgeleries.com\/#website"},"primaryImageOfPage":{"@id":"https:\/\/domainedesgeleries.com\/index.php\/produit\/st-nicolas-de-bourgueil-rouge-2024-cuvee-tradition\/#primaryimage"},"image":{"@id":"https:\/\/domainedesgeleries.com\/index.php\/produit\/st-nicolas-de-bourgueil-rouge-2024-cuvee-tradition\/#primaryimage"},"thumbnailUrl":"https:\/\/mlzmfwuqjosb.i.optimole.com\/w:auto\/h:auto\/q:mauto\/f:best\/https:\/\/domainedesgeleries.com\/wp-content\/uploads\/2023\/03\/st-nicolas-de-bourgueil.jpg","datePublished":"2020-07-07T12:46:54+00:00","dateModified":"2025-07-21T14:08:50+00:00","breadcrumb":{"@id":"https:\/\/domainedesgeleries.com\/index.php\/produit\/st-nicolas-de-bourgueil-rouge-2024-cuvee-tradition\/#breadcrumb"},"inLanguage":"fr-FR","potentialAction":[{"@type":"ReadAction","target":["https:\/\/domainedesgeleries.com\/index.php\/produit\/st-nicolas-de-bourgueil-rouge-2024-cuvee-tradition\/"]}]},{"@type":"ImageObject","inLanguage":"fr-FR","@id":"https:\/\/domainedesgeleries.com\/index.php\/produit\/st-nicolas-de-bourgueil-rouge-2024-cuvee-tradition\/#primaryimage","url":"https:\/\/mlzmfwuqjosb.i.optimole.com\/w:auto\/h:auto\/q:mauto\/f:best\/https:\/\/domainedesgeleries.com\/wp-content\/uploads\/2023\/03\/st-nicolas-de-bourgueil.jpg","contentUrl":"https:\/\/mlzmfwuqjosb.i.optimole.com\/w:auto\/h:auto\/q:mauto\/f:best\/https:\/\/domainedesgeleries.com\/wp-content\/uploads\/2023\/03\/st-nicolas-de-bourgueil.jpg","width":768,"height":1022},{"@type":"BreadcrumbList","@id":"https:\/\/domainedesgeleries.com\/index.php\/produit\/st-nicolas-de-bourgueil-rouge-2024-cuvee-tradition\/#breadcrumb","itemListElement":[{"@type":"ListItem","position":1,"name":"Accueil","item":"https:\/\/domainedesgeleries.com\/"},{"@type":"ListItem","position":2,"name":"Les Cuv\u00e9es","item":"https:\/\/domainedesgeleries.com\/index.php\/lescuvees\/"},{"@type":"ListItem","position":3,"name":"St Nicolas de Bourgueil rouge 2024 \u00ab\u00a0Cuv\u00e9e Tradition\u00a0\u00bb"}]},{"@type":"WebSite","@id":"https:\/\/domainedesgeleries.com\/#website","url":"https:\/\/domainedesgeleries.com\/","name":"Domaine des G\u00e9l\u00e9ries","description":"Vignerons depuis 1913","publisher":{"@id":"https:\/\/domainedesgeleries.com\/#organization"},"potentialAction":[{"@type":"SearchAction","target":{"@type":"EntryPoint","urlTemplate":"https:\/\/domainedesgeleries.com\/?s={search_term_string}"},"query-input":{"@type":"PropertyValueSpecification","valueRequired":true,"valueName":"search_term_string"}}],"inLanguage":"fr-FR"},{"@type":"Organization","@id":"https:\/\/domainedesgeleries.com\/#organization","name":"Domaine des G\u00e9l\u00e9ries","url":"https:\/\/domainedesgeleries.com\/","logo":{"@type":"ImageObject","inLanguage":"fr-FR","@id":"https:\/\/domainedesgeleries.com\/#\/schema\/logo\/image\/","url":"https:\/\/mlzmfwuqjosb.i.optimole.com\/w:auto\/h:auto\/q:mauto\/f:best\/https:\/\/domainedesgeleries.com\/wp-content\/uploads\/2020\/06\/logo-domaine-des-geleries-1.png","contentUrl":"https:\/\/mlzmfwuqjosb.i.optimole.com\/w:auto\/h:auto\/q:mauto\/f:best\/https:\/\/domainedesgeleries.com\/wp-content\/uploads\/2020\/06\/logo-domaine-des-geleries-1.png","width":400,"height":190,"caption":"Domaine des G\u00e9l\u00e9ries"},"image":{"@id":"https:\/\/domainedesgeleries.com\/#\/schema\/logo\/image\/"},"sameAs":["https:\/\/www.facebook.com\/domainedesgeleries\/"]}]}},"_links":{"self":[{"href":"https:\/\/domainedesgeleries.com\/index.php\/wp-json\/wp\/v2\/product\/268","targetHints":{"allow":["GET"]}}],"collection":[{"href":"https:\/\/domainedesgeleries.com\/index.php\/wp-json\/wp\/v2\/product"}],"about":[{"href":"https:\/\/domainedesgeleries.com\/index.php\/wp-json\/wp\/v2\/types\/product"}],"wp:featuredmedia":[{"embeddable":true,"href":"https:\/\/domainedesgeleries.com\/index.php\/wp-json\/wp\/v2\/media\/1495"}],"wp:attachment":[{"href":"https:\/\/domainedesgeleries.com\/index.php\/wp-json\/wp\/v2\/media?parent=268"}],"wp:term":[{"taxonomy":"product_brand","embeddable":true,"href":"https:\/\/domainedesgeleries.com\/index.php\/wp-json\/wp\/v2\/product_brand?post=268"},{"taxonomy":"product_cat","embeddable":true,"href":"https:\/\/domainedesgeleries.com\/index.php\/wp-json\/wp\/v2\/product_cat?post=268"},{"taxonomy":"product_tag","embeddable":true,"href":"https:\/\/domainedesgeleries.com\/index.php\/wp-json\/wp\/v2\/product_tag?post=268"}],"curies":[{"name":"wp","href":"https:\/\/api.w.org\/{rel}","templated":true}]}}