{"id":198,"date":"2020-06-22T16:09:17","date_gmt":"2020-06-22T14:09:17","guid":{"rendered":"http:\/\/www.domainedesgeleries.com\/?post_type=product&#038;p=198"},"modified":"2025-10-09T08:50:09","modified_gmt":"2025-10-09T06:50:09","slug":"chinonrouge20235l","status":"publish","type":"product","link":"https:\/\/domainedesgeleries.com\/index.php\/produit\/chinonrouge20235l\/","title":{"rendered":"Chinon &#8211; Rouge 2023 &#8211; 5L"},"content":{"rendered":"<p><strong>2023 &#8211; rouge &#8211; 12,5%<\/strong><\/p>\n<p>Couleur profonde aux reflets cerise. Le nez toast\u00e9 et \u00e9pic\u00e9 est soutenu par des notes de fruits m\u00fbrs. La bouche chaleureuse, puissante et structur\u00e9e par des tanins \u00e9l\u00e9gants donne \u00e0 ce vin un beau potentiel de garde.<\/p>\n","protected":false},"excerpt":{"rendered":"<p><strong>2023 &#8211; rouge 5L &#8211; 12,5%<\/strong><\/p>\n<p>Couleur profonde aux reflets cerise.<\/p>\n<p>&nbsp;<\/p>\n","protected":false},"featured_media":327,"template":"","meta":{"neve_meta_sidebar":"","neve_meta_container":"","neve_meta_enable_content_width":"off","neve_meta_content_width":70,"neve_meta_title_alignment":"","neve_meta_author_avatar":"","neve_post_elements_order":"","neve_meta_disable_header":"","neve_meta_disable_footer":"","neve_meta_disable_title":""},"product_brand":[],"product_cat":[25],"product_tag":[],"class_list":{"0":"post-198","1":"product","2":"type-product","3":"status-publish","4":"has-post-thumbnail","6":"product_cat-chinon","7":"product_shipping_class-bib-2","9":"first","10":"instock","11":"taxable","12":"shipping-taxable","13":"purchasable","14":"product-type-simple"},"yoast_head":"<!-- This site is optimized with the Yoast SEO plugin v27.5 - https:\/\/yoast.com\/product\/yoast-seo-wordpress\/ -->\n<title>Chinon - Rouge 2023 - 5L - Domaine des G\u00e9l\u00e9ries<\/title>\n<meta name=\"robots\" content=\"index, follow, max-snippet:-1, max-image-preview:large, max-video-preview:-1\" \/>\n<link rel=\"canonical\" href=\"https:\/\/domainedesgeleries.com\/index.php\/produit\/chinonrouge20235l\/\" \/>\n<meta property=\"og:locale\" content=\"fr_FR\" \/>\n<meta property=\"og:type\" content=\"article\" \/>\n<meta property=\"og:title\" content=\"Chinon - Rouge 2023 - 5L - Domaine des G\u00e9l\u00e9ries\" \/>\n<meta property=\"og:description\" content=\"2023 - rouge 5L - 12,5%  Couleur profonde aux reflets cerise.  &nbsp;\" \/>\n<meta property=\"og:url\" content=\"https:\/\/domainedesgeleries.com\/index.php\/produit\/chinonrouge20235l\/\" \/>\n<meta property=\"og:site_name\" content=\"Domaine des G\u00e9l\u00e9ries\" \/>\n<meta property=\"article:publisher\" content=\"https:\/\/www.facebook.com\/domainedesgeleries\/\" \/>\n<meta property=\"article:modified_time\" content=\"2025-10-09T06:50:09+00:00\" \/>\n<meta property=\"og:image\" content=\"https:\/\/mlzmfwuqjosb.i.optimole.com\/w:auto\/h:auto\/q:mauto\/f:best\/https:\/\/domainedesgeleries.com\/wp-content\/uploads\/2020\/06\/Chinon-5L-scaled.jpg\" \/>\n\t<meta property=\"og:image:width\" content=\"2133\" \/>\n\t<meta property=\"og:image:height\" content=\"2560\" \/>\n\t<meta property=\"og:image:type\" content=\"image\/jpeg\" \/>\n<meta name=\"twitter:card\" content=\"summary_large_image\" \/>\n<meta name=\"twitter:label1\" content=\"Dur\u00e9e de lecture estim\u00e9e\" \/>\n\t<meta name=\"twitter:data1\" content=\"1 minute\" \/>\n<script type=\"application\/ld+json\" class=\"yoast-schema-graph\">{\"@context\":\"https:\\\/\\\/schema.org\",\"@graph\":[{\"@type\":\"WebPage\",\"@id\":\"https:\\\/\\\/domainedesgeleries.com\\\/index.php\\\/produit\\\/chinonrouge20235l\\\/\",\"url\":\"https:\\\/\\\/domainedesgeleries.com\\\/index.php\\\/produit\\\/chinonrouge20235l\\\/\",\"name\":\"Chinon - Rouge 2023 - 5L - Domaine des G\u00e9l\u00e9ries\",\"isPartOf\":{\"@id\":\"https:\\\/\\\/domainedesgeleries.com\\\/#website\"},\"primaryImageOfPage\":{\"@id\":\"https:\\\/\\\/domainedesgeleries.com\\\/index.php\\\/produit\\\/chinonrouge20235l\\\/#primaryimage\"},\"image\":{\"@id\":\"https:\\\/\\\/domainedesgeleries.com\\\/index.php\\\/produit\\\/chinonrouge20235l\\\/#primaryimage\"},\"thumbnailUrl\":\"https:\\/\\/domainedesgeleries.com\\/wp-content\\/uploads\\/2020\\/06\\/Chinon-5L-scaled.jpg\",\"datePublished\":\"2020-06-22T14:09:17+00:00\",\"dateModified\":\"2025-10-09T06:50:09+00:00\",\"breadcrumb\":{\"@id\":\"https:\\\/\\\/domainedesgeleries.com\\\/index.php\\\/produit\\\/chinonrouge20235l\\\/#breadcrumb\"},\"inLanguage\":\"fr-FR\",\"potentialAction\":[{\"@type\":\"ReadAction\",\"target\":[\"https:\\\/\\\/domainedesgeleries.com\\\/index.php\\\/produit\\\/chinonrouge20235l\\\/\"]}]},{\"@type\":\"ImageObject\",\"inLanguage\":\"fr-FR\",\"@id\":\"https:\\\/\\\/domainedesgeleries.com\\\/index.php\\\/produit\\\/chinonrouge20235l\\\/#primaryimage\",\"url\":\"https:\\/\\/domainedesgeleries.com\\/wp-content\\/uploads\\/2020\\/06\\/Chinon-5L-scaled.jpg\",\"contentUrl\":\"https:\\/\\/domainedesgeleries.com\\/wp-content\\/uploads\\/2020\\/06\\/Chinon-5L-scaled.jpg\",\"width\":2133,\"height\":2560},{\"@type\":\"BreadcrumbList\",\"@id\":\"https:\\\/\\\/domainedesgeleries.com\\\/index.php\\\/produit\\\/chinonrouge20235l\\\/#breadcrumb\",\"itemListElement\":[{\"@type\":\"ListItem\",\"position\":1,\"name\":\"Accueil\",\"item\":\"https:\\\/\\\/domainedesgeleries.com\\\/\"},{\"@type\":\"ListItem\",\"position\":2,\"name\":\"Les Cuv\u00e9es\",\"item\":\"https:\\\/\\\/domainedesgeleries.com\\\/index.php\\\/lescuvees\\\/\"},{\"@type\":\"ListItem\",\"position\":3,\"name\":\"Chinon &#8211; Rouge 2023 &#8211; 5L\"}]},{\"@type\":\"WebSite\",\"@id\":\"https:\\\/\\\/domainedesgeleries.com\\\/#website\",\"url\":\"https:\\\/\\\/domainedesgeleries.com\\\/\",\"name\":\"Domaine des G\u00e9l\u00e9ries\",\"description\":\"Vignerons depuis 1913\",\"publisher\":{\"@id\":\"https:\\\/\\\/domainedesgeleries.com\\\/#organization\"},\"potentialAction\":[{\"@type\":\"SearchAction\",\"target\":{\"@type\":\"EntryPoint\",\"urlTemplate\":\"https:\\\/\\\/domainedesgeleries.com\\\/?s={search_term_string}\"},\"query-input\":{\"@type\":\"PropertyValueSpecification\",\"valueRequired\":true,\"valueName\":\"search_term_string\"}}],\"inLanguage\":\"fr-FR\"},{\"@type\":\"Organization\",\"@id\":\"https:\\\/\\\/domainedesgeleries.com\\\/#organization\",\"name\":\"Domaine des G\u00e9l\u00e9ries\",\"url\":\"https:\\\/\\\/domainedesgeleries.com\\\/\",\"logo\":{\"@type\":\"ImageObject\",\"inLanguage\":\"fr-FR\",\"@id\":\"https:\\\/\\\/domainedesgeleries.com\\\/#\\\/schema\\\/logo\\\/image\\\/\",\"url\":\"https:\\/\\/domainedesgeleries.com\\/wp-content\\/uploads\\/2020\\/06\\/logo-domaine-des-geleries-1.png\",\"contentUrl\":\"https:\\/\\/domainedesgeleries.com\\/wp-content\\/uploads\\/2020\\/06\\/logo-domaine-des-geleries-1.png\",\"width\":400,\"height\":190,\"caption\":\"Domaine des G\u00e9l\u00e9ries\"},\"image\":{\"@id\":\"https:\\\/\\\/domainedesgeleries.com\\\/#\\\/schema\\\/logo\\\/image\\\/\"},\"sameAs\":[\"https:\\\/\\\/www.facebook.com\\\/domainedesgeleries\\\/\"]}]}<\/script>\n<!-- \/ Yoast SEO plugin. -->","yoast_head_json":{"title":"Chinon - Rouge 2023 - 5L - Domaine des G\u00e9l\u00e9ries","robots":{"index":"index","follow":"follow","max-snippet":"max-snippet:-1","max-image-preview":"max-image-preview:large","max-video-preview":"max-video-preview:-1"},"canonical":"https:\/\/domainedesgeleries.com\/index.php\/produit\/chinonrouge20235l\/","og_locale":"fr_FR","og_type":"article","og_title":"Chinon - Rouge 2023 - 5L - Domaine des G\u00e9l\u00e9ries","og_description":"2023 - rouge 5L - 12,5%  Couleur profonde aux reflets cerise.  &nbsp;","og_url":"https:\/\/domainedesgeleries.com\/index.php\/produit\/chinonrouge20235l\/","og_site_name":"Domaine des G\u00e9l\u00e9ries","article_publisher":"https:\/\/www.facebook.com\/domainedesgeleries\/","article_modified_time":"2025-10-09T06:50:09+00:00","og_image":[{"width":2133,"height":2560,"url":"https:\/\/mlzmfwuqjosb.i.optimole.com\/w:auto\/h:auto\/q:mauto\/f:best\/https:\/\/domainedesgeleries.com\/wp-content\/uploads\/2020\/06\/Chinon-5L-scaled.jpg","type":"image\/jpeg"}],"twitter_card":"summary_large_image","twitter_misc":{"Dur\u00e9e de lecture estim\u00e9e":"1 minute"},"schema":{"@context":"https:\/\/schema.org","@graph":[{"@type":"WebPage","@id":"https:\/\/domainedesgeleries.com\/index.php\/produit\/chinonrouge20235l\/","url":"https:\/\/domainedesgeleries.com\/index.php\/produit\/chinonrouge20235l\/","name":"Chinon - Rouge 2023 - 5L - Domaine des G\u00e9l\u00e9ries","isPartOf":{"@id":"https:\/\/domainedesgeleries.com\/#website"},"primaryImageOfPage":{"@id":"https:\/\/domainedesgeleries.com\/index.php\/produit\/chinonrouge20235l\/#primaryimage"},"image":{"@id":"https:\/\/domainedesgeleries.com\/index.php\/produit\/chinonrouge20235l\/#primaryimage"},"thumbnailUrl":"https:\/\/mlzmfwuqjosb.i.optimole.com\/w:auto\/h:auto\/q:mauto\/f:best\/https:\/\/domainedesgeleries.com\/wp-content\/uploads\/2020\/06\/Chinon-5L-scaled.jpg","datePublished":"2020-06-22T14:09:17+00:00","dateModified":"2025-10-09T06:50:09+00:00","breadcrumb":{"@id":"https:\/\/domainedesgeleries.com\/index.php\/produit\/chinonrouge20235l\/#breadcrumb"},"inLanguage":"fr-FR","potentialAction":[{"@type":"ReadAction","target":["https:\/\/domainedesgeleries.com\/index.php\/produit\/chinonrouge20235l\/"]}]},{"@type":"ImageObject","inLanguage":"fr-FR","@id":"https:\/\/domainedesgeleries.com\/index.php\/produit\/chinonrouge20235l\/#primaryimage","url":"https:\/\/mlzmfwuqjosb.i.optimole.com\/w:auto\/h:auto\/q:mauto\/f:best\/https:\/\/domainedesgeleries.com\/wp-content\/uploads\/2020\/06\/Chinon-5L-scaled.jpg","contentUrl":"https:\/\/mlzmfwuqjosb.i.optimole.com\/w:auto\/h:auto\/q:mauto\/f:best\/https:\/\/domainedesgeleries.com\/wp-content\/uploads\/2020\/06\/Chinon-5L-scaled.jpg","width":2133,"height":2560},{"@type":"BreadcrumbList","@id":"https:\/\/domainedesgeleries.com\/index.php\/produit\/chinonrouge20235l\/#breadcrumb","itemListElement":[{"@type":"ListItem","position":1,"name":"Accueil","item":"https:\/\/domainedesgeleries.com\/"},{"@type":"ListItem","position":2,"name":"Les Cuv\u00e9es","item":"https:\/\/domainedesgeleries.com\/index.php\/lescuvees\/"},{"@type":"ListItem","position":3,"name":"Chinon &#8211; Rouge 2023 &#8211; 5L"}]},{"@type":"WebSite","@id":"https:\/\/domainedesgeleries.com\/#website","url":"https:\/\/domainedesgeleries.com\/","name":"Domaine des G\u00e9l\u00e9ries","description":"Vignerons depuis 1913","publisher":{"@id":"https:\/\/domainedesgeleries.com\/#organization"},"potentialAction":[{"@type":"SearchAction","target":{"@type":"EntryPoint","urlTemplate":"https:\/\/domainedesgeleries.com\/?s={search_term_string}"},"query-input":{"@type":"PropertyValueSpecification","valueRequired":true,"valueName":"search_term_string"}}],"inLanguage":"fr-FR"},{"@type":"Organization","@id":"https:\/\/domainedesgeleries.com\/#organization","name":"Domaine des G\u00e9l\u00e9ries","url":"https:\/\/domainedesgeleries.com\/","logo":{"@type":"ImageObject","inLanguage":"fr-FR","@id":"https:\/\/domainedesgeleries.com\/#\/schema\/logo\/image\/","url":"https:\/\/mlzmfwuqjosb.i.optimole.com\/w:auto\/h:auto\/q:mauto\/f:best\/https:\/\/domainedesgeleries.com\/wp-content\/uploads\/2020\/06\/logo-domaine-des-geleries-1.png","contentUrl":"https:\/\/mlzmfwuqjosb.i.optimole.com\/w:auto\/h:auto\/q:mauto\/f:best\/https:\/\/domainedesgeleries.com\/wp-content\/uploads\/2020\/06\/logo-domaine-des-geleries-1.png","width":400,"height":190,"caption":"Domaine des G\u00e9l\u00e9ries"},"image":{"@id":"https:\/\/domainedesgeleries.com\/#\/schema\/logo\/image\/"},"sameAs":["https:\/\/www.facebook.com\/domainedesgeleries\/"]}]}},"_links":{"self":[{"href":"https:\/\/domainedesgeleries.com\/index.php\/wp-json\/wp\/v2\/product\/198","targetHints":{"allow":["GET"]}}],"collection":[{"href":"https:\/\/domainedesgeleries.com\/index.php\/wp-json\/wp\/v2\/product"}],"about":[{"href":"https:\/\/domainedesgeleries.com\/index.php\/wp-json\/wp\/v2\/types\/product"}],"wp:featuredmedia":[{"embeddable":true,"href":"https:\/\/domainedesgeleries.com\/index.php\/wp-json\/wp\/v2\/media\/327"}],"wp:attachment":[{"href":"https:\/\/domainedesgeleries.com\/index.php\/wp-json\/wp\/v2\/media?parent=198"}],"wp:term":[{"taxonomy":"product_brand","embeddable":true,"href":"https:\/\/domainedesgeleries.com\/index.php\/wp-json\/wp\/v2\/product_brand?post=198"},{"taxonomy":"product_cat","embeddable":true,"href":"https:\/\/domainedesgeleries.com\/index.php\/wp-json\/wp\/v2\/product_cat?post=198"},{"taxonomy":"product_tag","embeddable":true,"href":"https:\/\/domainedesgeleries.com\/index.php\/wp-json\/wp\/v2\/product_tag?post=198"}],"curies":[{"name":"wp","href":"https:\/\/api.w.org\/{rel}","templated":true}]}}