{"id":1789,"date":"2025-02-11T14:33:03","date_gmt":"2025-02-11T13:33:03","guid":{"rendered":"https:\/\/domainedesgeleries.com\/?post_type=product&#038;p=1789"},"modified":"2025-12-18T08:28:41","modified_gmt":"2025-12-18T07:28:41","slug":"bourgueil-vieilles-vignes-2023","status":"publish","type":"product","link":"https:\/\/domainedesgeleries.com\/index.php\/produit\/bourgueil-vieilles-vignes-2023\/","title":{"rendered":"Bourgueil &#8211; Vieilles Vignes 2023"},"content":{"rendered":"<p><strong>2023 &#8211; rouge &#8211; 13%<\/strong><\/p>\n<p><u><i>D\u00e9gustation : <\/i><\/u>Nez intense sur des notes grill\u00e9es, grains de caf\u00e9 et pain d\u2019\u00e9pices. Les fruits rouges m\u00fbrs annonce la belle maturit\u00e9 de ce bourgueil. L\u2019attaque en bouche est tout en d\u00e9licatesse, sur le fruit. La structure tannique est enrob\u00e9e et \u00e9l\u00e9gante. Des ar\u00f4mes de caramel, chocolat\u00e9es persiste longuement en bouche.<\/p>\n<p>Conseil de garde\u00a0: 3-8 ans. Possibilit\u00e9 de le d\u00e9couvrir plus pr\u00e9cocement en le carafant \u00e0 temp\u00e9rature ambiante 2h avant d\u00e9gustation.<\/p>\n<p><u>Distinction <\/u>: M\u00e9daille d\u2019Argent au Concours des Ligers 2024<\/p>\n<p>Guide Hachette des Vins 2026<\/p>\n","protected":false},"excerpt":{"rendered":"<p><strong>2022 &#8211; rouge &#8211; 13%<\/strong><\/p>\n<p>Bourgueil &#8211; Vieilles vignes<\/p>\n<p><u>Distinction <\/u>: M\u00e9daille d\u2019Argent au Concours des Ligers 2024<\/p>\n<p>Guide Hachette des Vins 2026<\/p>\n","protected":false},"featured_media":1790,"template":"","meta":{"neve_meta_sidebar":"","neve_meta_container":"","neve_meta_enable_content_width":"off","neve_meta_content_width":70,"neve_meta_title_alignment":"","neve_meta_author_avatar":"","neve_post_elements_order":"","neve_meta_disable_header":"","neve_meta_disable_footer":"","neve_meta_disable_title":""},"product_brand":[],"product_cat":[23],"product_tag":[],"class_list":{"0":"post-1789","1":"product","2":"type-product","3":"status-publish","4":"has-post-thumbnail","6":"product_cat-bourgueil","7":"product_shipping_class-bouteille","9":"first","10":"instock","11":"taxable","12":"shipping-taxable","13":"purchasable","14":"product-type-simple"},"yoast_head":"<!-- This site is optimized with the Yoast SEO plugin v27.5 - https:\/\/yoast.com\/product\/yoast-seo-wordpress\/ -->\n<title>Bourgueil - Vieilles Vignes 2023 - Domaine des G\u00e9l\u00e9ries<\/title>\n<meta name=\"robots\" content=\"index, follow, max-snippet:-1, max-image-preview:large, max-video-preview:-1\" \/>\n<link rel=\"canonical\" href=\"https:\/\/domainedesgeleries.com\/index.php\/produit\/bourgueil-vieilles-vignes-2023\/\" \/>\n<meta property=\"og:locale\" content=\"fr_FR\" \/>\n<meta property=\"og:type\" content=\"article\" \/>\n<meta property=\"og:title\" content=\"Bourgueil - Vieilles Vignes 2023 - Domaine des G\u00e9l\u00e9ries\" \/>\n<meta property=\"og:description\" content=\"2022 - rouge - 13%  Bourgueil - Vieilles vignes  Distinction : M\u00e9daille d\u2019Argent au Concours des Ligers 2024  Guide Hachette des Vins 2026\" \/>\n<meta property=\"og:url\" content=\"https:\/\/domainedesgeleries.com\/index.php\/produit\/bourgueil-vieilles-vignes-2023\/\" \/>\n<meta property=\"og:site_name\" content=\"Domaine des G\u00e9l\u00e9ries\" \/>\n<meta property=\"article:publisher\" content=\"https:\/\/www.facebook.com\/domainedesgeleries\/\" \/>\n<meta property=\"article:modified_time\" content=\"2025-12-18T07:28:41+00:00\" \/>\n<meta property=\"og:image\" content=\"https:\/\/mlzmfwuqjosb.i.optimole.com\/w:auto\/h:auto\/q:mauto\/f:best\/https:\/\/domainedesgeleries.com\/wp-content\/uploads\/2025\/02\/bourgueil-2023-vielles-vignes-scaled.jpg\" \/>\n\t<meta property=\"og:image:width\" content=\"1924\" \/>\n\t<meta property=\"og:image:height\" content=\"2560\" \/>\n\t<meta property=\"og:image:type\" content=\"image\/jpeg\" \/>\n<meta name=\"twitter:card\" content=\"summary_large_image\" \/>\n<meta name=\"twitter:label1\" content=\"Dur\u00e9e de lecture estim\u00e9e\" \/>\n\t<meta name=\"twitter:data1\" content=\"1 minute\" \/>\n<script type=\"application\/ld+json\" class=\"yoast-schema-graph\">{\"@context\":\"https:\\\/\\\/schema.org\",\"@graph\":[{\"@type\":\"WebPage\",\"@id\":\"https:\\\/\\\/domainedesgeleries.com\\\/index.php\\\/produit\\\/bourgueil-vieilles-vignes-2023\\\/\",\"url\":\"https:\\\/\\\/domainedesgeleries.com\\\/index.php\\\/produit\\\/bourgueil-vieilles-vignes-2023\\\/\",\"name\":\"Bourgueil - Vieilles Vignes 2023 - Domaine des G\u00e9l\u00e9ries\",\"isPartOf\":{\"@id\":\"https:\\\/\\\/domainedesgeleries.com\\\/#website\"},\"primaryImageOfPage\":{\"@id\":\"https:\\\/\\\/domainedesgeleries.com\\\/index.php\\\/produit\\\/bourgueil-vieilles-vignes-2023\\\/#primaryimage\"},\"image\":{\"@id\":\"https:\\\/\\\/domainedesgeleries.com\\\/index.php\\\/produit\\\/bourgueil-vieilles-vignes-2023\\\/#primaryimage\"},\"thumbnailUrl\":\"https:\\/\\/domainedesgeleries.com\\/wp-content\\/uploads\\/2025\\/02\\/bourgueil-2023-vielles-vignes-scaled.jpg\",\"datePublished\":\"2025-02-11T13:33:03+00:00\",\"dateModified\":\"2025-12-18T07:28:41+00:00\",\"breadcrumb\":{\"@id\":\"https:\\\/\\\/domainedesgeleries.com\\\/index.php\\\/produit\\\/bourgueil-vieilles-vignes-2023\\\/#breadcrumb\"},\"inLanguage\":\"fr-FR\",\"potentialAction\":[{\"@type\":\"ReadAction\",\"target\":[\"https:\\\/\\\/domainedesgeleries.com\\\/index.php\\\/produit\\\/bourgueil-vieilles-vignes-2023\\\/\"]}]},{\"@type\":\"ImageObject\",\"inLanguage\":\"fr-FR\",\"@id\":\"https:\\\/\\\/domainedesgeleries.com\\\/index.php\\\/produit\\\/bourgueil-vieilles-vignes-2023\\\/#primaryimage\",\"url\":\"https:\\/\\/domainedesgeleries.com\\/wp-content\\/uploads\\/2025\\/02\\/bourgueil-2023-vielles-vignes-scaled.jpg\",\"contentUrl\":\"https:\\/\\/domainedesgeleries.com\\/wp-content\\/uploads\\/2025\\/02\\/bourgueil-2023-vielles-vignes-scaled.jpg\",\"width\":1924,\"height\":2560},{\"@type\":\"BreadcrumbList\",\"@id\":\"https:\\\/\\\/domainedesgeleries.com\\\/index.php\\\/produit\\\/bourgueil-vieilles-vignes-2023\\\/#breadcrumb\",\"itemListElement\":[{\"@type\":\"ListItem\",\"position\":1,\"name\":\"Accueil\",\"item\":\"https:\\\/\\\/domainedesgeleries.com\\\/\"},{\"@type\":\"ListItem\",\"position\":2,\"name\":\"Les Cuv\u00e9es\",\"item\":\"https:\\\/\\\/domainedesgeleries.com\\\/index.php\\\/lescuvees\\\/\"},{\"@type\":\"ListItem\",\"position\":3,\"name\":\"Bourgueil &#8211; Vieilles Vignes 2023\"}]},{\"@type\":\"WebSite\",\"@id\":\"https:\\\/\\\/domainedesgeleries.com\\\/#website\",\"url\":\"https:\\\/\\\/domainedesgeleries.com\\\/\",\"name\":\"Domaine des G\u00e9l\u00e9ries\",\"description\":\"Vignerons depuis 1913\",\"publisher\":{\"@id\":\"https:\\\/\\\/domainedesgeleries.com\\\/#organization\"},\"potentialAction\":[{\"@type\":\"SearchAction\",\"target\":{\"@type\":\"EntryPoint\",\"urlTemplate\":\"https:\\\/\\\/domainedesgeleries.com\\\/?s={search_term_string}\"},\"query-input\":{\"@type\":\"PropertyValueSpecification\",\"valueRequired\":true,\"valueName\":\"search_term_string\"}}],\"inLanguage\":\"fr-FR\"},{\"@type\":\"Organization\",\"@id\":\"https:\\\/\\\/domainedesgeleries.com\\\/#organization\",\"name\":\"Domaine des G\u00e9l\u00e9ries\",\"url\":\"https:\\\/\\\/domainedesgeleries.com\\\/\",\"logo\":{\"@type\":\"ImageObject\",\"inLanguage\":\"fr-FR\",\"@id\":\"https:\\\/\\\/domainedesgeleries.com\\\/#\\\/schema\\\/logo\\\/image\\\/\",\"url\":\"https:\\/\\/domainedesgeleries.com\\/wp-content\\/uploads\\/2020\\/06\\/logo-domaine-des-geleries-1.png\",\"contentUrl\":\"https:\\/\\/domainedesgeleries.com\\/wp-content\\/uploads\\/2020\\/06\\/logo-domaine-des-geleries-1.png\",\"width\":400,\"height\":190,\"caption\":\"Domaine des G\u00e9l\u00e9ries\"},\"image\":{\"@id\":\"https:\\\/\\\/domainedesgeleries.com\\\/#\\\/schema\\\/logo\\\/image\\\/\"},\"sameAs\":[\"https:\\\/\\\/www.facebook.com\\\/domainedesgeleries\\\/\"]}]}<\/script>\n<!-- \/ Yoast SEO plugin. -->","yoast_head_json":{"title":"Bourgueil - Vieilles Vignes 2023 - Domaine des G\u00e9l\u00e9ries","robots":{"index":"index","follow":"follow","max-snippet":"max-snippet:-1","max-image-preview":"max-image-preview:large","max-video-preview":"max-video-preview:-1"},"canonical":"https:\/\/domainedesgeleries.com\/index.php\/produit\/bourgueil-vieilles-vignes-2023\/","og_locale":"fr_FR","og_type":"article","og_title":"Bourgueil - Vieilles Vignes 2023 - Domaine des G\u00e9l\u00e9ries","og_description":"2022 - rouge - 13%  Bourgueil - Vieilles vignes  Distinction : M\u00e9daille d\u2019Argent au Concours des Ligers 2024  Guide Hachette des Vins 2026","og_url":"https:\/\/domainedesgeleries.com\/index.php\/produit\/bourgueil-vieilles-vignes-2023\/","og_site_name":"Domaine des G\u00e9l\u00e9ries","article_publisher":"https:\/\/www.facebook.com\/domainedesgeleries\/","article_modified_time":"2025-12-18T07:28:41+00:00","og_image":[{"width":1924,"height":2560,"url":"https:\/\/mlzmfwuqjosb.i.optimole.com\/w:auto\/h:auto\/q:mauto\/f:best\/https:\/\/domainedesgeleries.com\/wp-content\/uploads\/2025\/02\/bourgueil-2023-vielles-vignes-scaled.jpg","type":"image\/jpeg"}],"twitter_card":"summary_large_image","twitter_misc":{"Dur\u00e9e de lecture estim\u00e9e":"1 minute"},"schema":{"@context":"https:\/\/schema.org","@graph":[{"@type":"WebPage","@id":"https:\/\/domainedesgeleries.com\/index.php\/produit\/bourgueil-vieilles-vignes-2023\/","url":"https:\/\/domainedesgeleries.com\/index.php\/produit\/bourgueil-vieilles-vignes-2023\/","name":"Bourgueil - Vieilles Vignes 2023 - Domaine des G\u00e9l\u00e9ries","isPartOf":{"@id":"https:\/\/domainedesgeleries.com\/#website"},"primaryImageOfPage":{"@id":"https:\/\/domainedesgeleries.com\/index.php\/produit\/bourgueil-vieilles-vignes-2023\/#primaryimage"},"image":{"@id":"https:\/\/domainedesgeleries.com\/index.php\/produit\/bourgueil-vieilles-vignes-2023\/#primaryimage"},"thumbnailUrl":"https:\/\/mlzmfwuqjosb.i.optimole.com\/w:auto\/h:auto\/q:mauto\/f:best\/https:\/\/domainedesgeleries.com\/wp-content\/uploads\/2025\/02\/bourgueil-2023-vielles-vignes-scaled.jpg","datePublished":"2025-02-11T13:33:03+00:00","dateModified":"2025-12-18T07:28:41+00:00","breadcrumb":{"@id":"https:\/\/domainedesgeleries.com\/index.php\/produit\/bourgueil-vieilles-vignes-2023\/#breadcrumb"},"inLanguage":"fr-FR","potentialAction":[{"@type":"ReadAction","target":["https:\/\/domainedesgeleries.com\/index.php\/produit\/bourgueil-vieilles-vignes-2023\/"]}]},{"@type":"ImageObject","inLanguage":"fr-FR","@id":"https:\/\/domainedesgeleries.com\/index.php\/produit\/bourgueil-vieilles-vignes-2023\/#primaryimage","url":"https:\/\/mlzmfwuqjosb.i.optimole.com\/w:auto\/h:auto\/q:mauto\/f:best\/https:\/\/domainedesgeleries.com\/wp-content\/uploads\/2025\/02\/bourgueil-2023-vielles-vignes-scaled.jpg","contentUrl":"https:\/\/mlzmfwuqjosb.i.optimole.com\/w:auto\/h:auto\/q:mauto\/f:best\/https:\/\/domainedesgeleries.com\/wp-content\/uploads\/2025\/02\/bourgueil-2023-vielles-vignes-scaled.jpg","width":1924,"height":2560},{"@type":"BreadcrumbList","@id":"https:\/\/domainedesgeleries.com\/index.php\/produit\/bourgueil-vieilles-vignes-2023\/#breadcrumb","itemListElement":[{"@type":"ListItem","position":1,"name":"Accueil","item":"https:\/\/domainedesgeleries.com\/"},{"@type":"ListItem","position":2,"name":"Les Cuv\u00e9es","item":"https:\/\/domainedesgeleries.com\/index.php\/lescuvees\/"},{"@type":"ListItem","position":3,"name":"Bourgueil &#8211; Vieilles Vignes 2023"}]},{"@type":"WebSite","@id":"https:\/\/domainedesgeleries.com\/#website","url":"https:\/\/domainedesgeleries.com\/","name":"Domaine des G\u00e9l\u00e9ries","description":"Vignerons depuis 1913","publisher":{"@id":"https:\/\/domainedesgeleries.com\/#organization"},"potentialAction":[{"@type":"SearchAction","target":{"@type":"EntryPoint","urlTemplate":"https:\/\/domainedesgeleries.com\/?s={search_term_string}"},"query-input":{"@type":"PropertyValueSpecification","valueRequired":true,"valueName":"search_term_string"}}],"inLanguage":"fr-FR"},{"@type":"Organization","@id":"https:\/\/domainedesgeleries.com\/#organization","name":"Domaine des G\u00e9l\u00e9ries","url":"https:\/\/domainedesgeleries.com\/","logo":{"@type":"ImageObject","inLanguage":"fr-FR","@id":"https:\/\/domainedesgeleries.com\/#\/schema\/logo\/image\/","url":"https:\/\/mlzmfwuqjosb.i.optimole.com\/w:auto\/h:auto\/q:mauto\/f:best\/https:\/\/domainedesgeleries.com\/wp-content\/uploads\/2020\/06\/logo-domaine-des-geleries-1.png","contentUrl":"https:\/\/mlzmfwuqjosb.i.optimole.com\/w:auto\/h:auto\/q:mauto\/f:best\/https:\/\/domainedesgeleries.com\/wp-content\/uploads\/2020\/06\/logo-domaine-des-geleries-1.png","width":400,"height":190,"caption":"Domaine des G\u00e9l\u00e9ries"},"image":{"@id":"https:\/\/domainedesgeleries.com\/#\/schema\/logo\/image\/"},"sameAs":["https:\/\/www.facebook.com\/domainedesgeleries\/"]}]}},"_links":{"self":[{"href":"https:\/\/domainedesgeleries.com\/index.php\/wp-json\/wp\/v2\/product\/1789","targetHints":{"allow":["GET"]}}],"collection":[{"href":"https:\/\/domainedesgeleries.com\/index.php\/wp-json\/wp\/v2\/product"}],"about":[{"href":"https:\/\/domainedesgeleries.com\/index.php\/wp-json\/wp\/v2\/types\/product"}],"wp:featuredmedia":[{"embeddable":true,"href":"https:\/\/domainedesgeleries.com\/index.php\/wp-json\/wp\/v2\/media\/1790"}],"wp:attachment":[{"href":"https:\/\/domainedesgeleries.com\/index.php\/wp-json\/wp\/v2\/media?parent=1789"}],"wp:term":[{"taxonomy":"product_brand","embeddable":true,"href":"https:\/\/domainedesgeleries.com\/index.php\/wp-json\/wp\/v2\/product_brand?post=1789"},{"taxonomy":"product_cat","embeddable":true,"href":"https:\/\/domainedesgeleries.com\/index.php\/wp-json\/wp\/v2\/product_cat?post=1789"},{"taxonomy":"product_tag","embeddable":true,"href":"https:\/\/domainedesgeleries.com\/index.php\/wp-json\/wp\/v2\/product_tag?post=1789"}],"curies":[{"name":"wp","href":"https:\/\/api.w.org\/{rel}","templated":true}]}}