{"id":1786,"date":"2026-02-11T14:18:40","date_gmt":"2026-02-11T13:18:40","guid":{"rendered":"https:\/\/domainedesgeleries.com\/?post_type=product&#038;p=1786"},"modified":"2026-05-02T15:52:02","modified_gmt":"2026-05-02T13:52:02","slug":"chinon-vieilles-vignes-2024","status":"publish","type":"product","link":"https:\/\/domainedesgeleries.com\/index.php\/produit\/chinon-vieilles-vignes-2024\/","title":{"rendered":"Chinon &#8211; Vieilles Vignes 2024"},"content":{"rendered":"<p style=\"padding-left: 40px;\"><strong>2024 &#8211; rouge &#8211; 13%<\/strong><\/p>\n<p><u><i>D\u00e9gustation :<\/i><\/u><\/p>\n<p>Une robe limpide et brillante de couleur grenat, promettant une belle exp\u00e9rience sensorielle. Au premier contact, il s\u00e9duit par ses ar\u00f4mes de fruits noirs, notamment de cerise mure, rehauss\u00e9s de notes vanill\u00e9s et de r\u00e9glisse. En bouche, sa rondeur et sa souplesse se r\u00e9v\u00e8lent, accompagn\u00e9s de tanins fondus qui apportent une belle harmonie.<\/p>\n<p><u>Conseil de garde : 3<\/u>-6 ans. Possibilit\u00e9 de le d\u00e9couvrir plus pr\u00e9cocement en le carafant \u00e0 temp\u00e9rature ambiante 1h avant d\u00e9gustation.<\/p>\n<p><strong>Distinction : M\u00e9daille d&rsquo;Or au Concours des Ligers 2026<\/strong><\/p>\n","protected":false},"excerpt":{"rendered":"<p style=\"padding-left: 40px;\"><strong>2024 &#8211; rouge &#8211; 13%<\/strong><\/p>\n<p><u>Chinon 2024 Vieilles Vignes<\/u><\/p>\n<p><strong>Distinction : M\u00e9daille d&rsquo;Or au Concours des Ligers 2026<\/strong><\/p>\n","protected":false},"featured_media":2062,"template":"","meta":{"neve_meta_sidebar":"","neve_meta_container":"","neve_meta_enable_content_width":"off","neve_meta_content_width":70,"neve_meta_title_alignment":"","neve_meta_author_avatar":"","neve_post_elements_order":"","neve_meta_disable_header":"","neve_meta_disable_footer":"","neve_meta_disable_title":""},"product_brand":[],"product_cat":[25],"product_tag":[],"class_list":{"0":"post-1786","1":"product","2":"type-product","3":"status-publish","4":"has-post-thumbnail","6":"product_cat-chinon","7":"product_shipping_class-bouteille","9":"first","10":"instock","11":"taxable","12":"shipping-taxable","13":"purchasable","14":"product-type-simple"},"yoast_head":"<!-- This site is optimized with the Yoast SEO plugin v27.5 - https:\/\/yoast.com\/product\/yoast-seo-wordpress\/ -->\n<title>Chinon - Vieilles Vignes 2024 - Domaine des G\u00e9l\u00e9ries<\/title>\n<meta name=\"robots\" content=\"index, follow, max-snippet:-1, max-image-preview:large, max-video-preview:-1\" \/>\n<link rel=\"canonical\" href=\"https:\/\/domainedesgeleries.com\/index.php\/produit\/chinon-vieilles-vignes-2024\/\" \/>\n<meta property=\"og:locale\" content=\"fr_FR\" \/>\n<meta property=\"og:type\" content=\"article\" \/>\n<meta property=\"og:title\" content=\"Chinon - Vieilles Vignes 2024 - Domaine des G\u00e9l\u00e9ries\" \/>\n<meta property=\"og:description\" content=\"2024 - rouge - 13% Chinon 2024 Vieilles Vignes  Distinction : M\u00e9daille d&#039;Or au Concours des Ligers 2026\" \/>\n<meta property=\"og:url\" content=\"https:\/\/domainedesgeleries.com\/index.php\/produit\/chinon-vieilles-vignes-2024\/\" \/>\n<meta property=\"og:site_name\" content=\"Domaine des G\u00e9l\u00e9ries\" \/>\n<meta property=\"article:publisher\" content=\"https:\/\/www.facebook.com\/domainedesgeleries\/\" \/>\n<meta property=\"article:modified_time\" content=\"2026-05-02T13:52:02+00:00\" \/>\n<meta property=\"og:image\" content=\"https:\/\/mlzmfwuqjosb.i.optimole.com\/w:auto\/h:auto\/q:mauto\/f:best\/https:\/\/domainedesgeleries.com\/wp-content\/uploads\/2026\/02\/chinon-2024-vielles-vignes-scaled.jpg\" \/>\n\t<meta property=\"og:image:width\" content=\"1924\" \/>\n\t<meta property=\"og:image:height\" content=\"2560\" \/>\n\t<meta property=\"og:image:type\" content=\"image\/jpeg\" \/>\n<meta name=\"twitter:card\" content=\"summary_large_image\" \/>\n<meta name=\"twitter:label1\" content=\"Dur\u00e9e de lecture estim\u00e9e\" \/>\n\t<meta name=\"twitter:data1\" content=\"1 minute\" \/>\n<script type=\"application\/ld+json\" class=\"yoast-schema-graph\">{\"@context\":\"https:\\\/\\\/schema.org\",\"@graph\":[{\"@type\":\"WebPage\",\"@id\":\"https:\\\/\\\/domainedesgeleries.com\\\/index.php\\\/produit\\\/chinon-vieilles-vignes-2024\\\/\",\"url\":\"https:\\\/\\\/domainedesgeleries.com\\\/index.php\\\/produit\\\/chinon-vieilles-vignes-2024\\\/\",\"name\":\"Chinon - Vieilles Vignes 2024 - Domaine des G\u00e9l\u00e9ries\",\"isPartOf\":{\"@id\":\"https:\\\/\\\/domainedesgeleries.com\\\/#website\"},\"primaryImageOfPage\":{\"@id\":\"https:\\\/\\\/domainedesgeleries.com\\\/index.php\\\/produit\\\/chinon-vieilles-vignes-2024\\\/#primaryimage\"},\"image\":{\"@id\":\"https:\\\/\\\/domainedesgeleries.com\\\/index.php\\\/produit\\\/chinon-vieilles-vignes-2024\\\/#primaryimage\"},\"thumbnailUrl\":\"https:\\/\\/domainedesgeleries.com\\/wp-content\\/uploads\\/2026\\/02\\/chinon-2024-vielles-vignes-scaled.jpg\",\"datePublished\":\"2026-02-11T13:18:40+00:00\",\"dateModified\":\"2026-05-02T13:52:02+00:00\",\"breadcrumb\":{\"@id\":\"https:\\\/\\\/domainedesgeleries.com\\\/index.php\\\/produit\\\/chinon-vieilles-vignes-2024\\\/#breadcrumb\"},\"inLanguage\":\"fr-FR\",\"potentialAction\":[{\"@type\":\"ReadAction\",\"target\":[\"https:\\\/\\\/domainedesgeleries.com\\\/index.php\\\/produit\\\/chinon-vieilles-vignes-2024\\\/\"]}]},{\"@type\":\"ImageObject\",\"inLanguage\":\"fr-FR\",\"@id\":\"https:\\\/\\\/domainedesgeleries.com\\\/index.php\\\/produit\\\/chinon-vieilles-vignes-2024\\\/#primaryimage\",\"url\":\"https:\\/\\/domainedesgeleries.com\\/wp-content\\/uploads\\/2026\\/02\\/chinon-2024-vielles-vignes-scaled.jpg\",\"contentUrl\":\"https:\\/\\/domainedesgeleries.com\\/wp-content\\/uploads\\/2026\\/02\\/chinon-2024-vielles-vignes-scaled.jpg\",\"width\":1924,\"height\":2560},{\"@type\":\"BreadcrumbList\",\"@id\":\"https:\\\/\\\/domainedesgeleries.com\\\/index.php\\\/produit\\\/chinon-vieilles-vignes-2024\\\/#breadcrumb\",\"itemListElement\":[{\"@type\":\"ListItem\",\"position\":1,\"name\":\"Accueil\",\"item\":\"https:\\\/\\\/domainedesgeleries.com\\\/\"},{\"@type\":\"ListItem\",\"position\":2,\"name\":\"Les Cuv\u00e9es\",\"item\":\"https:\\\/\\\/domainedesgeleries.com\\\/index.php\\\/lescuvees\\\/\"},{\"@type\":\"ListItem\",\"position\":3,\"name\":\"Chinon &#8211; Vieilles Vignes 2024\"}]},{\"@type\":\"WebSite\",\"@id\":\"https:\\\/\\\/domainedesgeleries.com\\\/#website\",\"url\":\"https:\\\/\\\/domainedesgeleries.com\\\/\",\"name\":\"Domaine des G\u00e9l\u00e9ries\",\"description\":\"Vignerons depuis 1913\",\"publisher\":{\"@id\":\"https:\\\/\\\/domainedesgeleries.com\\\/#organization\"},\"potentialAction\":[{\"@type\":\"SearchAction\",\"target\":{\"@type\":\"EntryPoint\",\"urlTemplate\":\"https:\\\/\\\/domainedesgeleries.com\\\/?s={search_term_string}\"},\"query-input\":{\"@type\":\"PropertyValueSpecification\",\"valueRequired\":true,\"valueName\":\"search_term_string\"}}],\"inLanguage\":\"fr-FR\"},{\"@type\":\"Organization\",\"@id\":\"https:\\\/\\\/domainedesgeleries.com\\\/#organization\",\"name\":\"Domaine des G\u00e9l\u00e9ries\",\"url\":\"https:\\\/\\\/domainedesgeleries.com\\\/\",\"logo\":{\"@type\":\"ImageObject\",\"inLanguage\":\"fr-FR\",\"@id\":\"https:\\\/\\\/domainedesgeleries.com\\\/#\\\/schema\\\/logo\\\/image\\\/\",\"url\":\"https:\\/\\/domainedesgeleries.com\\/wp-content\\/uploads\\/2020\\/06\\/logo-domaine-des-geleries-1.png\",\"contentUrl\":\"https:\\/\\/domainedesgeleries.com\\/wp-content\\/uploads\\/2020\\/06\\/logo-domaine-des-geleries-1.png\",\"width\":400,\"height\":190,\"caption\":\"Domaine des G\u00e9l\u00e9ries\"},\"image\":{\"@id\":\"https:\\\/\\\/domainedesgeleries.com\\\/#\\\/schema\\\/logo\\\/image\\\/\"},\"sameAs\":[\"https:\\\/\\\/www.facebook.com\\\/domainedesgeleries\\\/\"]}]}<\/script>\n<!-- \/ Yoast SEO plugin. -->","yoast_head_json":{"title":"Chinon - Vieilles Vignes 2024 - Domaine des G\u00e9l\u00e9ries","robots":{"index":"index","follow":"follow","max-snippet":"max-snippet:-1","max-image-preview":"max-image-preview:large","max-video-preview":"max-video-preview:-1"},"canonical":"https:\/\/domainedesgeleries.com\/index.php\/produit\/chinon-vieilles-vignes-2024\/","og_locale":"fr_FR","og_type":"article","og_title":"Chinon - Vieilles Vignes 2024 - Domaine des G\u00e9l\u00e9ries","og_description":"2024 - rouge - 13% Chinon 2024 Vieilles Vignes  Distinction : M\u00e9daille d'Or au Concours des Ligers 2026","og_url":"https:\/\/domainedesgeleries.com\/index.php\/produit\/chinon-vieilles-vignes-2024\/","og_site_name":"Domaine des G\u00e9l\u00e9ries","article_publisher":"https:\/\/www.facebook.com\/domainedesgeleries\/","article_modified_time":"2026-05-02T13:52:02+00:00","og_image":[{"width":1924,"height":2560,"url":"https:\/\/mlzmfwuqjosb.i.optimole.com\/w:auto\/h:auto\/q:mauto\/f:best\/https:\/\/domainedesgeleries.com\/wp-content\/uploads\/2026\/02\/chinon-2024-vielles-vignes-scaled.jpg","type":"image\/jpeg"}],"twitter_card":"summary_large_image","twitter_misc":{"Dur\u00e9e de lecture estim\u00e9e":"1 minute"},"schema":{"@context":"https:\/\/schema.org","@graph":[{"@type":"WebPage","@id":"https:\/\/domainedesgeleries.com\/index.php\/produit\/chinon-vieilles-vignes-2024\/","url":"https:\/\/domainedesgeleries.com\/index.php\/produit\/chinon-vieilles-vignes-2024\/","name":"Chinon - Vieilles Vignes 2024 - Domaine des G\u00e9l\u00e9ries","isPartOf":{"@id":"https:\/\/domainedesgeleries.com\/#website"},"primaryImageOfPage":{"@id":"https:\/\/domainedesgeleries.com\/index.php\/produit\/chinon-vieilles-vignes-2024\/#primaryimage"},"image":{"@id":"https:\/\/domainedesgeleries.com\/index.php\/produit\/chinon-vieilles-vignes-2024\/#primaryimage"},"thumbnailUrl":"https:\/\/mlzmfwuqjosb.i.optimole.com\/w:auto\/h:auto\/q:mauto\/f:best\/https:\/\/domainedesgeleries.com\/wp-content\/uploads\/2026\/02\/chinon-2024-vielles-vignes-scaled.jpg","datePublished":"2026-02-11T13:18:40+00:00","dateModified":"2026-05-02T13:52:02+00:00","breadcrumb":{"@id":"https:\/\/domainedesgeleries.com\/index.php\/produit\/chinon-vieilles-vignes-2024\/#breadcrumb"},"inLanguage":"fr-FR","potentialAction":[{"@type":"ReadAction","target":["https:\/\/domainedesgeleries.com\/index.php\/produit\/chinon-vieilles-vignes-2024\/"]}]},{"@type":"ImageObject","inLanguage":"fr-FR","@id":"https:\/\/domainedesgeleries.com\/index.php\/produit\/chinon-vieilles-vignes-2024\/#primaryimage","url":"https:\/\/mlzmfwuqjosb.i.optimole.com\/w:auto\/h:auto\/q:mauto\/f:best\/https:\/\/domainedesgeleries.com\/wp-content\/uploads\/2026\/02\/chinon-2024-vielles-vignes-scaled.jpg","contentUrl":"https:\/\/mlzmfwuqjosb.i.optimole.com\/w:auto\/h:auto\/q:mauto\/f:best\/https:\/\/domainedesgeleries.com\/wp-content\/uploads\/2026\/02\/chinon-2024-vielles-vignes-scaled.jpg","width":1924,"height":2560},{"@type":"BreadcrumbList","@id":"https:\/\/domainedesgeleries.com\/index.php\/produit\/chinon-vieilles-vignes-2024\/#breadcrumb","itemListElement":[{"@type":"ListItem","position":1,"name":"Accueil","item":"https:\/\/domainedesgeleries.com\/"},{"@type":"ListItem","position":2,"name":"Les Cuv\u00e9es","item":"https:\/\/domainedesgeleries.com\/index.php\/lescuvees\/"},{"@type":"ListItem","position":3,"name":"Chinon &#8211; Vieilles Vignes 2024"}]},{"@type":"WebSite","@id":"https:\/\/domainedesgeleries.com\/#website","url":"https:\/\/domainedesgeleries.com\/","name":"Domaine des G\u00e9l\u00e9ries","description":"Vignerons depuis 1913","publisher":{"@id":"https:\/\/domainedesgeleries.com\/#organization"},"potentialAction":[{"@type":"SearchAction","target":{"@type":"EntryPoint","urlTemplate":"https:\/\/domainedesgeleries.com\/?s={search_term_string}"},"query-input":{"@type":"PropertyValueSpecification","valueRequired":true,"valueName":"search_term_string"}}],"inLanguage":"fr-FR"},{"@type":"Organization","@id":"https:\/\/domainedesgeleries.com\/#organization","name":"Domaine des G\u00e9l\u00e9ries","url":"https:\/\/domainedesgeleries.com\/","logo":{"@type":"ImageObject","inLanguage":"fr-FR","@id":"https:\/\/domainedesgeleries.com\/#\/schema\/logo\/image\/","url":"https:\/\/mlzmfwuqjosb.i.optimole.com\/w:auto\/h:auto\/q:mauto\/f:best\/https:\/\/domainedesgeleries.com\/wp-content\/uploads\/2020\/06\/logo-domaine-des-geleries-1.png","contentUrl":"https:\/\/mlzmfwuqjosb.i.optimole.com\/w:auto\/h:auto\/q:mauto\/f:best\/https:\/\/domainedesgeleries.com\/wp-content\/uploads\/2020\/06\/logo-domaine-des-geleries-1.png","width":400,"height":190,"caption":"Domaine des G\u00e9l\u00e9ries"},"image":{"@id":"https:\/\/domainedesgeleries.com\/#\/schema\/logo\/image\/"},"sameAs":["https:\/\/www.facebook.com\/domainedesgeleries\/"]}]}},"_links":{"self":[{"href":"https:\/\/domainedesgeleries.com\/index.php\/wp-json\/wp\/v2\/product\/1786","targetHints":{"allow":["GET"]}}],"collection":[{"href":"https:\/\/domainedesgeleries.com\/index.php\/wp-json\/wp\/v2\/product"}],"about":[{"href":"https:\/\/domainedesgeleries.com\/index.php\/wp-json\/wp\/v2\/types\/product"}],"wp:featuredmedia":[{"embeddable":true,"href":"https:\/\/domainedesgeleries.com\/index.php\/wp-json\/wp\/v2\/media\/2062"}],"wp:attachment":[{"href":"https:\/\/domainedesgeleries.com\/index.php\/wp-json\/wp\/v2\/media?parent=1786"}],"wp:term":[{"taxonomy":"product_brand","embeddable":true,"href":"https:\/\/domainedesgeleries.com\/index.php\/wp-json\/wp\/v2\/product_brand?post=1786"},{"taxonomy":"product_cat","embeddable":true,"href":"https:\/\/domainedesgeleries.com\/index.php\/wp-json\/wp\/v2\/product_cat?post=1786"},{"taxonomy":"product_tag","embeddable":true,"href":"https:\/\/domainedesgeleries.com\/index.php\/wp-json\/wp\/v2\/product_tag?post=1786"}],"curies":[{"name":"wp","href":"https:\/\/api.w.org\/{rel}","templated":true}]}}