{"id":246,"date":"2020-07-03T19:33:38","date_gmt":"2020-07-03T17:33:38","guid":{"rendered":"http:\/\/www.domainedesgeleries.com\/?page_id=246"},"modified":"2026-05-02T19:01:42","modified_gmt":"2026-05-02T17:01:42","slug":"tarifs-bondecommande","status":"publish","type":"page","link":"https:\/\/domainedesgeleries.com\/index.php\/tarifs-bondecommande\/","title":{"rendered":"Tarifs et bon de commande"},"content":{"rendered":"\t\t<div data-elementor-type=\"wp-page\" data-elementor-id=\"246\" class=\"elementor elementor-246\">\n\t\t\t\t\t\t<section class=\"elementor-section elementor-top-section elementor-element elementor-element-45a3476 elementor-section-boxed elementor-section-height-default elementor-section-height-default\" data-id=\"45a3476\" data-element_type=\"section\" data-e-type=\"section\">\n\t\t\t\t\t\t<div class=\"elementor-container elementor-column-gap-default\">\n\t\t\t\t\t<div class=\"elementor-column elementor-col-50 elementor-top-column elementor-element elementor-element-a1e66cb\" data-id=\"a1e66cb\" data-element_type=\"column\" data-e-type=\"column\">\n\t\t\t<div class=\"elementor-widget-wrap elementor-element-populated\">\n\t\t\t\t\t\t<div class=\"elementor-element elementor-element-89b8c71 elementor-widget elementor-widget-heading\" data-id=\"89b8c71\" data-element_type=\"widget\" data-e-type=\"widget\" data-widget_type=\"heading.default\">\n\t\t\t\t\t<h2 class=\"elementor-heading-title elementor-size-default\">Tarifs \u00e0 t\u00e9l\u00e9charger<\/h2>\t\t\t\t<\/div>\n\t\t\t\t<div class=\"elementor-element elementor-element-12d4d0c elementor-align-center elementor-widget elementor-widget-button\" data-id=\"12d4d0c\" data-element_type=\"widget\" data-e-type=\"widget\" data-widget_type=\"button.default\">\n\t\t\t\t\t\t\t\t\t\t<a class=\"elementor-button elementor-button-link elementor-size-md\" href=\"https:\/\/domainedesgeleries.com\/wp-content\/uploads\/2026\/04\/tarif.pdf\" target=\"_blank\">\n\t\t\t\t\t\t<span class=\"elementor-button-content-wrapper\">\n\t\t\t\t\t\t\t\t\t<span class=\"elementor-button-text\">tarifs<\/span>\n\t\t\t\t\t<\/span>\n\t\t\t\t\t<\/a>\n\t\t\t\t\t\t\t\t<\/div>\n\t\t\t\t\t<\/div>\n\t\t<\/div>\n\t\t\t\t<div class=\"elementor-column elementor-col-50 elementor-top-column elementor-element elementor-element-78f9a8b\" data-id=\"78f9a8b\" data-element_type=\"column\" data-e-type=\"column\">\n\t\t\t<div class=\"elementor-widget-wrap elementor-element-populated\">\n\t\t\t\t\t\t<div class=\"elementor-element elementor-element-82cdb1a elementor-widget elementor-widget-heading\" data-id=\"82cdb1a\" data-element_type=\"widget\" data-e-type=\"widget\" data-widget_type=\"heading.default\">\n\t\t\t\t\t<h2 class=\"elementor-heading-title elementor-size-default\">Bon de commande \u00e0 t\u00e9l\u00e9charger<\/h2>\t\t\t\t<\/div>\n\t\t\t\t<div class=\"elementor-element elementor-element-4e6c059 elementor-align-center elementor-widget elementor-widget-button\" data-id=\"4e6c059\" data-element_type=\"widget\" data-e-type=\"widget\" data-widget_type=\"button.default\">\n\t\t\t\t\t\t\t\t\t\t<a class=\"elementor-button elementor-button-link elementor-size-md\" href=\"https:\/\/domainedesgeleries.com\/wp-content\/uploads\/2026\/05\/bondecommande.pdf\" target=\"_blank\">\n\t\t\t\t\t\t<span class=\"elementor-button-content-wrapper\">\n\t\t\t\t\t\t\t\t\t<span class=\"elementor-button-text\">bon de commande<\/span>\n\t\t\t\t\t<\/span>\n\t\t\t\t\t<\/a>\n\t\t\t\t\t\t\t\t<\/div>\n\t\t\t\t\t<\/div>\n\t\t<\/div>\n\t\t\t\t\t<\/div>\n\t\t<\/section>\n\t\t\t\t<section class=\"elementor-section elementor-top-section elementor-element elementor-element-fc7465d elementor-section-boxed elementor-section-height-default elementor-section-height-default\" data-id=\"fc7465d\" data-element_type=\"section\" data-e-type=\"section\" data-settings=\"{&quot;background_background&quot;:&quot;classic&quot;}\">\n\t\t\t\t\t\t\t<div class=\"elementor-background-overlay\"><\/div>\n\t\t\t\t\t\t\t<div class=\"elementor-container elementor-column-gap-default\">\n\t\t\t\t\t<div class=\"elementor-column elementor-col-100 elementor-top-column elementor-element elementor-element-dcfae02\" data-id=\"dcfae02\" data-element_type=\"column\" data-e-type=\"column\">\n\t\t\t<div class=\"elementor-widget-wrap elementor-element-populated\">\n\t\t\t\t\t\t<div class=\"elementor-element elementor-element-a1eb926 elementor-widget elementor-widget-text-editor\" data-id=\"a1eb926\" data-element_type=\"widget\" data-e-type=\"widget\" data-widget_type=\"text-editor.default\">\n\t\t\t\t\t\t\t\t\t<p><span style=\"font-size: 18pt;\">Le <strong>Domaine des G\u00e9l\u00e9ries<\/strong> vous propose de commander :<\/span><\/p><p><span style=\"font-size: 18pt;\">en paiement en ligne s\u00e9curis\u00e9<\/span><\/p><p><span style=\"font-size: 18pt;\">ou<\/span><\/p><p><span style=\"font-size: 18pt;\">bon de commande <span style=\"font-size: 14pt;\">(voie postale accompagn\u00e9 d&rsquo;un ch\u00e8que bancaire)<\/span><\/span><\/p><p><span style=\"font-size: 18pt;\">Pour toutes commandes sup\u00e9rieures \u00e0 59 bouteilles, le port vous est offert en France M\u00e9tropolitaine.<\/span><\/p>\t\t\t\t\t\t\t\t<\/div>\n\t\t\t\t\t<\/div>\n\t\t<\/div>\n\t\t\t\t\t<\/div>\n\t\t<\/section>\n\t\t\t\t<section class=\"elementor-section elementor-top-section elementor-element elementor-element-53923c6 elementor-section-boxed elementor-section-height-default elementor-section-height-default\" data-id=\"53923c6\" data-element_type=\"section\" data-e-type=\"section\">\n\t\t\t\t\t\t<div class=\"elementor-container elementor-column-gap-default\">\n\t\t\t\t\t<div class=\"elementor-column elementor-col-100 elementor-top-column elementor-element elementor-element-5b2d209\" data-id=\"5b2d209\" data-element_type=\"column\" data-e-type=\"column\">\n\t\t\t<div class=\"elementor-widget-wrap elementor-element-populated\">\n\t\t\t\t\t\t<div class=\"elementor-element elementor-element-71dcd2d elementor-widget elementor-widget-image\" data-id=\"71dcd2d\" data-element_type=\"widget\" data-e-type=\"widget\" data-widget_type=\"image.default\">\n\t\t\t\t\t\t\t\t\t\t\t\t\t\t\t<img data-opt-id=1272253758  fetchpriority=\"high\" decoding=\"async\" width=\"50\" height=\"70\" src=\"https:\/\/mlzmfwuqjosb.i.optimole.com\/w:50\/h:70\/q:mauto\/f:best\/dpr:2\/https:\/\/domainedesgeleries.com\/wp-content\/uploads\/2020\/06\/logo-vigneron-independant-1.jpg\" class=\"attachment-full size-full wp-image-211\" alt=\"\" \/>\t\t\t\t\t\t\t\t\t\t\t\t\t\t\t<\/div>\n\t\t\t\t\t<\/div>\n\t\t<\/div>\n\t\t\t\t\t<\/div>\n\t\t<\/section>\n\t\t\t\t<\/div>\n\t\t","protected":false},"excerpt":{"rendered":"<p>Tarifs \u00e0 t\u00e9l\u00e9charger tarifs Bon de commande \u00e0 t\u00e9l\u00e9charger bon de commande Le Domaine des G\u00e9l\u00e9ries vous propose de commander : en paiement en ligne s\u00e9curis\u00e9 ou bon de commande (voie postale accompagn\u00e9 d&rsquo;un ch\u00e8que bancaire) Pour toutes commandes sup\u00e9rieures \u00e0 59 bouteilles, le port vous est offert en France M\u00e9tropolitaine.<\/p>\n","protected":false},"author":1,"featured_media":0,"parent":0,"menu_order":0,"comment_status":"closed","ping_status":"closed","template":"elementor_header_footer","meta":{"neve_meta_sidebar":"","neve_meta_container":"","neve_meta_enable_content_width":"off","neve_meta_content_width":0,"neve_meta_title_alignment":"","neve_meta_author_avatar":"","neve_post_elements_order":"","neve_meta_disable_header":"","neve_meta_disable_footer":"","neve_meta_disable_title":"","footnotes":""},"class_list":["post-246","page","type-page","status-publish","hentry"],"yoast_head":"<!-- This site is optimized with the Yoast SEO plugin v27.5 - https:\/\/yoast.com\/product\/yoast-seo-wordpress\/ -->\n<title>Tarifs et bon de commande - Domaine des G\u00e9l\u00e9ries<\/title>\n<meta name=\"description\" content=\"Le Domaine des G\u00e9l\u00e9ries vous propose deux types de commandes : la commande en ligne ou avec un bon de commande.\" \/>\n<meta name=\"robots\" content=\"index, follow, max-snippet:-1, max-image-preview:large, max-video-preview:-1\" \/>\n<link rel=\"canonical\" href=\"https:\/\/domainedesgeleries.com\/index.php\/tarifs-bondecommande\/\" \/>\n<meta property=\"og:locale\" content=\"fr_FR\" \/>\n<meta property=\"og:type\" content=\"article\" \/>\n<meta property=\"og:title\" content=\"Tarifs et bon de commande - Domaine des G\u00e9l\u00e9ries\" \/>\n<meta property=\"og:description\" content=\"Le Domaine des G\u00e9l\u00e9ries vous propose deux types de commandes : la commande en ligne ou avec un bon de commande.\" \/>\n<meta property=\"og:url\" content=\"https:\/\/domainedesgeleries.com\/index.php\/tarifs-bondecommande\/\" \/>\n<meta property=\"og:site_name\" content=\"Domaine des G\u00e9l\u00e9ries\" \/>\n<meta property=\"article:publisher\" content=\"https:\/\/www.facebook.com\/domainedesgeleries\/\" \/>\n<meta property=\"article:modified_time\" content=\"2026-05-02T17:01:42+00:00\" \/>\n<meta property=\"og:image\" content=\"https:\/\/mlzmfwuqjosb.i.optimole.com\/w:auto\/h:auto\/q:mauto\/f:best\/https:\/\/domainedesgeleries.com\/wp-content\/uploads\/2020\/06\/logo-vigneron-independant-1.jpg\" \/>\n<meta name=\"twitter:card\" content=\"summary_large_image\" \/>\n<meta name=\"twitter:label1\" content=\"Dur\u00e9e de lecture estim\u00e9e\" \/>\n\t<meta name=\"twitter:data1\" content=\"1 minute\" \/>\n<script type=\"application\/ld+json\" class=\"yoast-schema-graph\">{\"@context\":\"https:\\\/\\\/schema.org\",\"@graph\":[{\"@type\":\"WebPage\",\"@id\":\"https:\\\/\\\/domainedesgeleries.com\\\/index.php\\\/tarifs-bondecommande\\\/\",\"url\":\"https:\\\/\\\/domainedesgeleries.com\\\/index.php\\\/tarifs-bondecommande\\\/\",\"name\":\"Tarifs et bon de commande - Domaine des G\u00e9l\u00e9ries\",\"isPartOf\":{\"@id\":\"https:\\\/\\\/domainedesgeleries.com\\\/#website\"},\"primaryImageOfPage\":{\"@id\":\"https:\\\/\\\/domainedesgeleries.com\\\/index.php\\\/tarifs-bondecommande\\\/#primaryimage\"},\"image\":{\"@id\":\"https:\\\/\\\/domainedesgeleries.com\\\/index.php\\\/tarifs-bondecommande\\\/#primaryimage\"},\"thumbnailUrl\":\"https:\\/\\/domainedesgeleries.com\\/wp-content\\/uploads\\/2020\\/06\\/logo-vigneron-independant-1.jpg\",\"datePublished\":\"2020-07-03T17:33:38+00:00\",\"dateModified\":\"2026-05-02T17:01:42+00:00\",\"description\":\"Le Domaine des G\u00e9l\u00e9ries vous propose deux types de commandes : la commande en ligne ou avec un bon de commande.\",\"breadcrumb\":{\"@id\":\"https:\\\/\\\/domainedesgeleries.com\\\/index.php\\\/tarifs-bondecommande\\\/#breadcrumb\"},\"inLanguage\":\"fr-FR\",\"potentialAction\":[{\"@type\":\"ReadAction\",\"target\":[\"https:\\\/\\\/domainedesgeleries.com\\\/index.php\\\/tarifs-bondecommande\\\/\"]}]},{\"@type\":\"ImageObject\",\"inLanguage\":\"fr-FR\",\"@id\":\"https:\\\/\\\/domainedesgeleries.com\\\/index.php\\\/tarifs-bondecommande\\\/#primaryimage\",\"url\":\"https:\\/\\/domainedesgeleries.com\\/wp-content\\/uploads\\/2020\\/06\\/logo-vigneron-independant-1.jpg\",\"contentUrl\":\"https:\\/\\/domainedesgeleries.com\\/wp-content\\/uploads\\/2020\\/06\\/logo-vigneron-independant-1.jpg\",\"width\":50,\"height\":70},{\"@type\":\"BreadcrumbList\",\"@id\":\"https:\\\/\\\/domainedesgeleries.com\\\/index.php\\\/tarifs-bondecommande\\\/#breadcrumb\",\"itemListElement\":[{\"@type\":\"ListItem\",\"position\":1,\"name\":\"Accueil\",\"item\":\"https:\\\/\\\/domainedesgeleries.com\\\/\"},{\"@type\":\"ListItem\",\"position\":2,\"name\":\"Tarifs et bon de commande\"}]},{\"@type\":\"WebSite\",\"@id\":\"https:\\\/\\\/domainedesgeleries.com\\\/#website\",\"url\":\"https:\\\/\\\/domainedesgeleries.com\\\/\",\"name\":\"Domaine des G\u00e9l\u00e9ries\",\"description\":\"Vignerons depuis 1913\",\"publisher\":{\"@id\":\"https:\\\/\\\/domainedesgeleries.com\\\/#organization\"},\"potentialAction\":[{\"@type\":\"SearchAction\",\"target\":{\"@type\":\"EntryPoint\",\"urlTemplate\":\"https:\\\/\\\/domainedesgeleries.com\\\/?s={search_term_string}\"},\"query-input\":{\"@type\":\"PropertyValueSpecification\",\"valueRequired\":true,\"valueName\":\"search_term_string\"}}],\"inLanguage\":\"fr-FR\"},{\"@type\":\"Organization\",\"@id\":\"https:\\\/\\\/domainedesgeleries.com\\\/#organization\",\"name\":\"Domaine des G\u00e9l\u00e9ries\",\"url\":\"https:\\\/\\\/domainedesgeleries.com\\\/\",\"logo\":{\"@type\":\"ImageObject\",\"inLanguage\":\"fr-FR\",\"@id\":\"https:\\\/\\\/domainedesgeleries.com\\\/#\\\/schema\\\/logo\\\/image\\\/\",\"url\":\"https:\\/\\/domainedesgeleries.com\\/wp-content\\/uploads\\/2020\\/06\\/logo-domaine-des-geleries-1.png\",\"contentUrl\":\"https:\\/\\/domainedesgeleries.com\\/wp-content\\/uploads\\/2020\\/06\\/logo-domaine-des-geleries-1.png\",\"width\":400,\"height\":190,\"caption\":\"Domaine des G\u00e9l\u00e9ries\"},\"image\":{\"@id\":\"https:\\\/\\\/domainedesgeleries.com\\\/#\\\/schema\\\/logo\\\/image\\\/\"},\"sameAs\":[\"https:\\\/\\\/www.facebook.com\\\/domainedesgeleries\\\/\"]}]}<\/script>\n<!-- \/ Yoast SEO plugin. -->","yoast_head_json":{"title":"Tarifs et bon de commande - Domaine des G\u00e9l\u00e9ries","description":"Le Domaine des G\u00e9l\u00e9ries vous propose deux types de commandes : la commande en ligne ou avec un bon de commande.","robots":{"index":"index","follow":"follow","max-snippet":"max-snippet:-1","max-image-preview":"max-image-preview:large","max-video-preview":"max-video-preview:-1"},"canonical":"https:\/\/domainedesgeleries.com\/index.php\/tarifs-bondecommande\/","og_locale":"fr_FR","og_type":"article","og_title":"Tarifs et bon de commande - Domaine des G\u00e9l\u00e9ries","og_description":"Le Domaine des G\u00e9l\u00e9ries vous propose deux types de commandes : la commande en ligne ou avec un bon de commande.","og_url":"https:\/\/domainedesgeleries.com\/index.php\/tarifs-bondecommande\/","og_site_name":"Domaine des G\u00e9l\u00e9ries","article_publisher":"https:\/\/www.facebook.com\/domainedesgeleries\/","article_modified_time":"2026-05-02T17:01:42+00:00","og_image":[{"url":"https:\/\/mlzmfwuqjosb.i.optimole.com\/w:auto\/h:auto\/q:mauto\/f:best\/https:\/\/domainedesgeleries.com\/wp-content\/uploads\/2020\/06\/logo-vigneron-independant-1.jpg","type":"","width":"","height":""}],"twitter_card":"summary_large_image","twitter_misc":{"Dur\u00e9e de lecture estim\u00e9e":"1 minute"},"schema":{"@context":"https:\/\/schema.org","@graph":[{"@type":"WebPage","@id":"https:\/\/domainedesgeleries.com\/index.php\/tarifs-bondecommande\/","url":"https:\/\/domainedesgeleries.com\/index.php\/tarifs-bondecommande\/","name":"Tarifs et bon de commande - Domaine des G\u00e9l\u00e9ries","isPartOf":{"@id":"https:\/\/domainedesgeleries.com\/#website"},"primaryImageOfPage":{"@id":"https:\/\/domainedesgeleries.com\/index.php\/tarifs-bondecommande\/#primaryimage"},"image":{"@id":"https:\/\/domainedesgeleries.com\/index.php\/tarifs-bondecommande\/#primaryimage"},"thumbnailUrl":"https:\/\/mlzmfwuqjosb.i.optimole.com\/w:auto\/h:auto\/q:mauto\/f:best\/https:\/\/domainedesgeleries.com\/wp-content\/uploads\/2020\/06\/logo-vigneron-independant-1.jpg","datePublished":"2020-07-03T17:33:38+00:00","dateModified":"2026-05-02T17:01:42+00:00","description":"Le Domaine des G\u00e9l\u00e9ries vous propose deux types de commandes : la commande en ligne ou avec un bon de commande.","breadcrumb":{"@id":"https:\/\/domainedesgeleries.com\/index.php\/tarifs-bondecommande\/#breadcrumb"},"inLanguage":"fr-FR","potentialAction":[{"@type":"ReadAction","target":["https:\/\/domainedesgeleries.com\/index.php\/tarifs-bondecommande\/"]}]},{"@type":"ImageObject","inLanguage":"fr-FR","@id":"https:\/\/domainedesgeleries.com\/index.php\/tarifs-bondecommande\/#primaryimage","url":"https:\/\/mlzmfwuqjosb.i.optimole.com\/w:auto\/h:auto\/q:mauto\/f:best\/https:\/\/domainedesgeleries.com\/wp-content\/uploads\/2020\/06\/logo-vigneron-independant-1.jpg","contentUrl":"https:\/\/mlzmfwuqjosb.i.optimole.com\/w:auto\/h:auto\/q:mauto\/f:best\/https:\/\/domainedesgeleries.com\/wp-content\/uploads\/2020\/06\/logo-vigneron-independant-1.jpg","width":50,"height":70},{"@type":"BreadcrumbList","@id":"https:\/\/domainedesgeleries.com\/index.php\/tarifs-bondecommande\/#breadcrumb","itemListElement":[{"@type":"ListItem","position":1,"name":"Accueil","item":"https:\/\/domainedesgeleries.com\/"},{"@type":"ListItem","position":2,"name":"Tarifs et bon de commande"}]},{"@type":"WebSite","@id":"https:\/\/domainedesgeleries.com\/#website","url":"https:\/\/domainedesgeleries.com\/","name":"Domaine des G\u00e9l\u00e9ries","description":"Vignerons depuis 1913","publisher":{"@id":"https:\/\/domainedesgeleries.com\/#organization"},"potentialAction":[{"@type":"SearchAction","target":{"@type":"EntryPoint","urlTemplate":"https:\/\/domainedesgeleries.com\/?s={search_term_string}"},"query-input":{"@type":"PropertyValueSpecification","valueRequired":true,"valueName":"search_term_string"}}],"inLanguage":"fr-FR"},{"@type":"Organization","@id":"https:\/\/domainedesgeleries.com\/#organization","name":"Domaine des G\u00e9l\u00e9ries","url":"https:\/\/domainedesgeleries.com\/","logo":{"@type":"ImageObject","inLanguage":"fr-FR","@id":"https:\/\/domainedesgeleries.com\/#\/schema\/logo\/image\/","url":"https:\/\/mlzmfwuqjosb.i.optimole.com\/w:auto\/h:auto\/q:mauto\/f:best\/https:\/\/domainedesgeleries.com\/wp-content\/uploads\/2020\/06\/logo-domaine-des-geleries-1.png","contentUrl":"https:\/\/mlzmfwuqjosb.i.optimole.com\/w:auto\/h:auto\/q:mauto\/f:best\/https:\/\/domainedesgeleries.com\/wp-content\/uploads\/2020\/06\/logo-domaine-des-geleries-1.png","width":400,"height":190,"caption":"Domaine des G\u00e9l\u00e9ries"},"image":{"@id":"https:\/\/domainedesgeleries.com\/#\/schema\/logo\/image\/"},"sameAs":["https:\/\/www.facebook.com\/domainedesgeleries\/"]}]}},"_links":{"self":[{"href":"https:\/\/domainedesgeleries.com\/index.php\/wp-json\/wp\/v2\/pages\/246","targetHints":{"allow":["GET"]}}],"collection":[{"href":"https:\/\/domainedesgeleries.com\/index.php\/wp-json\/wp\/v2\/pages"}],"about":[{"href":"https:\/\/domainedesgeleries.com\/index.php\/wp-json\/wp\/v2\/types\/page"}],"author":[{"embeddable":true,"href":"https:\/\/domainedesgeleries.com\/index.php\/wp-json\/wp\/v2\/users\/1"}],"replies":[{"embeddable":true,"href":"https:\/\/domainedesgeleries.com\/index.php\/wp-json\/wp\/v2\/comments?post=246"}],"version-history":[{"count":298,"href":"https:\/\/domainedesgeleries.com\/index.php\/wp-json\/wp\/v2\/pages\/246\/revisions"}],"predecessor-version":[{"id":2071,"href":"https:\/\/domainedesgeleries.com\/index.php\/wp-json\/wp\/v2\/pages\/246\/revisions\/2071"}],"wp:attachment":[{"href":"https:\/\/domainedesgeleries.com\/index.php\/wp-json\/wp\/v2\/media?parent=246"}],"curies":[{"name":"wp","href":"https:\/\/api.w.org\/{rel}","templated":true}]}}